{"id":25,"date":"2021-07-19T19:37:57","date_gmt":"2021-07-19T17:37:57","guid":{"rendered":"https:\/\/serwer2196016.home.pl\/autoinstalator\/wordpressplugins\/?page_id=25"},"modified":"2026-03-03T17:32:05","modified_gmt":"2026-03-03T16:32:05","slug":"zlecenie-na-recepty","status":"publish","type":"page","link":"https:\/\/poradniaustron.pl\/?page_id=25","title":{"rendered":"Zlecenie na recepty"},"content":{"rendered":"\n<h2 class=\"wp-block-heading has-text-align-center\">Drodzy Pacjenci!<\/h2>\n\n\n\n<p class=\"has-vivid-red-color has-text-color has-link-color wp-elements-810754d18d2c5edbb0ead787b885516c\">Funkcjonalno\u015b\u0107 formularza zostaje tymczasowo zawieszona. Prosimy o sk\u0142adanie zlece\u0144 telefonicznie lub osobi\u015bcie . Za wszelkie utrudnienia przepraszamy.<\/p>\n\n\n\n<p class=\"has-text-align-center\">Przypominamy i\u017c leki nie znajduj\u0105ce si\u0119 w historii pacjenta, lub nie posiadaj\u0105 uwarunkowania w dostarczonej dokumentacji medycznej nie b\u0119d\u0105 przepisywane!<\/p>\n\n\n\n<p class=\"has-text-align-center\">W celu przepisania nowych lek\u00f3w prosimy o skorzystanie z mo\u017cliwo\u015bci teleporady, lub um\u00f3wienie si\u0119 na wizyt\u0119 w gabinecie z lekarzem prowadz\u0105cym.<\/p>\n","protected":false},"excerpt":{"rendered":"<p>Drodzy Pacjenci! Funkcjonalno\u015b\u0107 formularza zostaje tymczasowo zawieszona. Prosimy o sk\u0142adanie zlece\u0144 telefonicznie lub osobi\u015bcie . Za wszelkie utrudnienia przepraszamy. Przypominamy i\u017c leki nie znajduj\u0105ce si\u0119&hellip;<\/p>\n","protected":false},"author":1,"featured_media":0,"parent":0,"menu_order":0,"comment_status":"closed","ping_status":"closed","template":"","meta":{"footnotes":""},"class_list":["post-25","page","type-page","status-publish","hentry"],"_links":{"self":[{"href":"https:\/\/poradniaustron.pl\/index.php?rest_route=\/wp\/v2\/pages\/25","targetHints":{"allow":["GET"]}}],"collection":[{"href":"https:\/\/poradniaustron.pl\/index.php?rest_route=\/wp\/v2\/pages"}],"about":[{"href":"https:\/\/poradniaustron.pl\/index.php?rest_route=\/wp\/v2\/types\/page"}],"author":[{"embeddable":true,"href":"https:\/\/poradniaustron.pl\/index.php?rest_route=\/wp\/v2\/users\/1"}],"replies":[{"embeddable":true,"href":"https:\/\/poradniaustron.pl\/index.php?rest_route=%2Fwp%2Fv2%2Fcomments&post=25"}],"version-history":[{"count":5,"href":"https:\/\/poradniaustron.pl\/index.php?rest_route=\/wp\/v2\/pages\/25\/revisions"}],"predecessor-version":[{"id":20180,"href":"https:\/\/poradniaustron.pl\/index.php?rest_route=\/wp\/v2\/pages\/25\/revisions\/20180"}],"wp:attachment":[{"href":"https:\/\/poradniaustron.pl\/index.php?rest_route=%2Fwp%2Fv2%2Fmedia&parent=25"}],"curies":[{"name":"wp","href":"https:\/\/api.w.org\/{rel}","templated":true}]}}